{"id":1266,"date":"2022-12-13T15:32:11","date_gmt":"2022-12-13T14:32:11","guid":{"rendered":"https:\/\/votat.fr\/company-bending-cutting\/valeurs-humaines\/"},"modified":"2023-07-11T12:20:27","modified_gmt":"2023-07-11T10:20:27","slug":"the-human-values","status":"publish","type":"page","link":"https:\/\/votat.fr\/en\/company-bending-cutting\/the-human-values\/","title":{"rendered":"Values"},"content":{"rendered":"\n<div class=\"wp-block-media-text alignfull has-media-on-the-right is-stacked-on-mobile is-image-fill\"><div class=\"wp-block-media-text__content\">\n<p class=\"is-style-sur-titre-rouge\">Values<\/p>\n\n\n\n<h3 class=\"wp-block-heading\">The human values of the company<\/h3>\n\n\n\n<p>The story of VOTAT is that of a collective adventure where each man or woman finds his\/her place and makes his\/her contribution to the success of all. Our desire is to continue our development by reinforcing the human impact, because it is the commitment and attachment of the teams that have built the resistance of this company. Our collective vision, our capacity to work together and the values we embody are precious assets.<\/p>\n<\/div><figure class=\"wp-block-media-text__media\" style=\"background-image:url(https:\/\/votat.fr\/wp-content\/uploads\/2023\/01\/operateur-votat-valeurs-humaines-1024x683.webp);background-position:50% 50%\"><img loading=\"lazy\" decoding=\"async\" width=\"1024\" height=\"683\" src=\"https:\/\/votat.fr\/wp-content\/uploads\/2023\/01\/operateur-votat-valeurs-humaines-1024x683.webp\" alt=\"Company operator cutting and drawing\" class=\"wp-image-662 size-full\" srcset=\"https:\/\/votat.fr\/wp-content\/uploads\/2023\/01\/operateur-votat-valeurs-humaines-1024x683.webp 1024w, https:\/\/votat.fr\/wp-content\/uploads\/2023\/01\/operateur-votat-valeurs-humaines-300x200.webp 300w, https:\/\/votat.fr\/wp-content\/uploads\/2023\/01\/operateur-votat-valeurs-humaines-768x512.webp 768w, https:\/\/votat.fr\/wp-content\/uploads\/2023\/01\/operateur-votat-valeurs-humaines-800x533.webp 800w, https:\/\/votat.fr\/wp-content\/uploads\/2023\/01\/operateur-votat-valeurs-humaines-256x171.webp 256w, https:\/\/votat.fr\/wp-content\/uploads\/2023\/01\/operateur-votat-valeurs-humaines.webp 1260w\" sizes=\"auto, (max-width: 1024px) 100vw, 1024px\" \/><\/figure><\/div>\n\n\n\n<div style=\"height:80px\" aria-hidden=\"true\" class=\"wp-block-spacer\"><\/div>\n\n\n\n<div class=\"wp-block-media-text alignfull is-stacked-on-mobile is-image-fill\"><figure class=\"wp-block-media-text__media\" style=\"background-image:url(https:\/\/votat.fr\/wp-content\/uploads\/2023\/01\/votat-monteur-regleur-presse-emboutissage-1024x682.webp);background-position:51% 32%\"><img loading=\"lazy\" decoding=\"async\" width=\"1024\" height=\"682\" src=\"https:\/\/votat.fr\/wp-content\/uploads\/2023\/01\/votat-monteur-regleur-presse-emboutissage-1024x682.webp\" alt=\"Drawing press operator\" class=\"wp-image-658 size-full\" srcset=\"https:\/\/votat.fr\/wp-content\/uploads\/2023\/01\/votat-monteur-regleur-presse-emboutissage-1024x682.webp 1024w, https:\/\/votat.fr\/wp-content\/uploads\/2023\/01\/votat-monteur-regleur-presse-emboutissage-300x200.webp 300w, https:\/\/votat.fr\/wp-content\/uploads\/2023\/01\/votat-monteur-regleur-presse-emboutissage-768x512.webp 768w, https:\/\/votat.fr\/wp-content\/uploads\/2023\/01\/votat-monteur-regleur-presse-emboutissage-800x533.webp 800w, https:\/\/votat.fr\/wp-content\/uploads\/2023\/01\/votat-monteur-regleur-presse-emboutissage-256x171.webp 256w, https:\/\/votat.fr\/wp-content\/uploads\/2023\/01\/votat-monteur-regleur-presse-emboutissage.webp 1280w\" sizes=\"auto, (max-width: 1024px) 100vw, 1024px\" \/><\/figure><div class=\"wp-block-media-text__content\">\n<p class=\"is-style-sur-titre-rouge\">Values<\/p>\n\n\n\n<h3 class=\"wp-block-heading\">VOTAT 4 future, industry 4.0<\/h3>\n\n\n\n<p>Through our improvement actions at all levels, we are positioning VOTAT in the future and strengthening our leading position in cutting, drawing and assembly offers. We are constantly seeking to improve overall performance at all levels of the company. We perpetuate know-how, develop tools and skills, as well as digitalization of processes.<\/p>\n<\/div><\/div>\n\n\n\n<div style=\"height:100px\" aria-hidden=\"true\" class=\"wp-block-spacer\"><\/div>\n\n\n\n<div class=\"wp-block-group alignfull has-blanc-color has-bleu-votat-background-color has-text-color has-background\"><div class=\"wp-block-group__inner-container is-layout-constrained wp-block-group-is-layout-constrained\">\n<div class=\"wp-block-group\" style=\"padding-top:var(--wp--preset--spacing--40);padding-right:var(--wp--preset--spacing--80);padding-bottom:var(--wp--preset--spacing--40);padding-left:var(--wp--preset--spacing--40)\"><div class=\"wp-block-group__inner-container is-layout-constrained wp-container-core-group-is-layout-32b1c0eb wp-block-group-is-layout-constrained\">\n<div style=\"height:30px\" aria-hidden=\"true\" class=\"wp-block-spacer\"><\/div>\n\n\n\n<h3 class=\"wp-block-heading is-style-titre-petite-caps\">LIFE AT votat<\/h3>\n\n\n\n<p class=\"has-larger-font-size\">Discover the founding values of Votat<\/p>\n\n\n\n<div style=\"height:40px\" aria-hidden=\"true\" class=\"wp-block-spacer\"><\/div>\n\n\n\n<div class=\"wp-block-columns is-layout-flex wp-container-core-columns-is-layout-53642b31 wp-block-columns-is-layout-flex\" style=\"padding-top:0;padding-right:0;padding-bottom:0;padding-left:0\">\n<div class=\"wp-block-column is-layout-flow wp-block-column-is-layout-flow\">\n<h4 class=\"wp-block-heading is-style-titre-coche-rouge\">Act with respect<\/h4>\n\n\n\n<p>Respecter ses coll\u00e8gues au quotidien, l\u2019ensemble des r\u00e8gles \u00e9tablies, le mat\u00e9riel mis \u00e0 notre disposition, avoir un comportement favorisant une bonne image de notre entreprise  aupr\u00e8s de toutes ses parties prenantes, tant internes qu\u2019externes.<\/p>\n<\/div>\n\n\n\n<div class=\"wp-block-column is-layout-flow wp-block-column-is-layout-flow\">\n<h4 class=\"wp-block-heading is-style-titre-coche-rouge\"><strong><strong>Act with kindness<\/strong><\/strong><\/h4>\n\n\n\n<p>Veiller au bien-\u00eatre de ses coll\u00e8gues, de ses \u00e9quipes ou de ses collaborateurs. \u00catre pr\u00e9sent pour l\u2019autre, attentif, pr\u00eat \u00e0 rendre service, se serrer les coudes et s\u2019entraider dans les bons moments comme dans les moments difficiles .<\/p>\n<\/div>\n<\/div>\n\n\n\n<div style=\"height:40px\" aria-hidden=\"true\" class=\"wp-block-spacer\"><\/div>\n\n\n\n<div class=\"wp-block-columns is-layout-flex wp-container-core-columns-is-layout-53642b31 wp-block-columns-is-layout-flex\" style=\"padding-top:0;padding-right:0;padding-bottom:0;padding-left:0\">\n<div class=\"wp-block-column is-layout-flow wp-block-column-is-layout-flow\">\n<h4 class=\"wp-block-heading is-style-titre-coche-rouge\">Know-how<\/h4>\n\n\n\n<p>Pr\u00e9server notre savoir-faire est pr\u00e9cieux pour assurer aux clients le haut niveau de qualit\u00e9 de produits et de services qui nous caract\u00e9rise depuis 1876 . Savoir former les nouveaux, favoriser les promotions internes, transmettre nos savoir-faire, assurer une bonne polyvalence est plus que jamais notre ADN.<\/p>\n<\/div>\n\n\n\n<div class=\"wp-block-column is-layout-flow wp-block-column-is-layout-flow\">\n<h4 class=\"wp-block-heading is-style-titre-coche-rouge\"><strong><strong><strong>Be customer-oriented<\/strong><\/strong><\/strong><\/h4>\n\n\n\n<p>Tout faire pour le client est la cl\u00e9 du succ\u00e8s ! C\u2019est l\u2019engagement de chacun pour une performance individuelle et collective. C\u2019est toute une organisation qui replace le client au centre de tous les services, de toutes les attentions, pour nous permettre mutuellement de viser l\u2019excellence.<\/p>\n<\/div>\n<\/div>\n\n\n\n<div style=\"height:40px\" aria-hidden=\"true\" class=\"wp-block-spacer\"><\/div>\n\n\n\n<div class=\"wp-block-columns is-layout-flex wp-container-core-columns-is-layout-53642b31 wp-block-columns-is-layout-flex\" style=\"padding-top:0;padding-right:0;padding-bottom:0;padding-left:0\">\n<div class=\"wp-block-column is-layout-flow wp-block-column-is-layout-flow\">\n<h4 class=\"wp-block-heading is-style-titre-coche-rouge\">Adaptability<\/h4>\n\n\n\n<p>Toujours r\u00e9agir positivement aux \u00e9v\u00e9nements, \u00eatre orient\u00e9 solution, aller de l\u2019avant, se former, anticiper, progresser. Continuer \u00e0 \u00e9voluer et rebondir quel que soit le contexte : c\u2019est de cette capacit\u00e9 que VOTAT tire sa long\u00e9vit\u00e9.<\/p>\n<\/div>\n\n\n\n<div class=\"wp-block-column is-layout-flow wp-block-column-is-layout-flow\">\n<h4 class=\"wp-block-heading is-style-titre-coche-rouge\"><strong><strong><strong><strong>Work with confidence<\/strong><\/strong><\/strong><\/strong><\/h4>\n\n\n\n<p>Quand la confiance est pr\u00e9sente, les relations sont fluides, franches et constructives . Les projets et l&#8217;organisation du travail peuvent se d\u00e9rouler sereinement, l\u2019autonomie est de rigueur, la peur est absente. Chacun est acteur de l\u2019aventure VOTAT et d\u2019un avenir que nous construisons ENSEMBLE.<\/p>\n<\/div>\n<\/div>\n\n\n\n<div style=\"height:40px\" aria-hidden=\"true\" class=\"wp-block-spacer\"><\/div>\n\n\n\n<div class=\"wp-block-columns are-vertically-aligned-bottom is-layout-flex wp-container-core-columns-is-layout-53642b31 wp-block-columns-is-layout-flex\" style=\"padding-top:0;padding-right:0;padding-bottom:0;padding-left:0\">\n<div class=\"wp-block-column is-vertically-aligned-bottom is-layout-flow wp-block-column-is-layout-flow\">\n<h4 class=\"wp-block-heading is-style-titre-coche-rouge\">Proud to be part of Votat<\/h4>\n\n\n\n<p>\u00catre VOTAT, c\u2019est participer \u00e0 une aventure industrielle et humaine de pr\u00e8s de 150 ans qui nous rend fiers et nous lie, avec une \u00e9toile toujours \u00e0 nos c\u00f4t\u00e9s et ce sentiment merveilleux d\u2019\u0153uvrer pour le pass\u00e9, pour le pr\u00e9sent et pour l\u2019avenir.<\/p>\n\n\n\n<div class=\"wp-block-buttons is-layout-flex wp-block-buttons-is-layout-flex\"><\/div>\n<\/div>\n\n\n\n<div class=\"wp-block-column is-vertically-aligned-bottom is-layout-flow wp-block-column-is-layout-flow\">\n<div class=\"wp-block-buttons is-layout-flex wp-block-buttons-is-layout-flex\">\n<div class=\"wp-block-button is-style-btn-rouge-votat\"><a class=\"wp-block-button__link wp-element-button\" href=\"https:\/\/votat.fr\/ressources-humaines\/postuler-chez-votat\/\">Join us<\/a><\/div>\n<\/div>\n<\/div>\n<\/div>\n\n\n\n<div style=\"height:40px\" aria-hidden=\"true\" class=\"wp-block-spacer\"><\/div>\n<\/div><\/div>\n<\/div><\/div>\n","protected":false},"excerpt":{"rendered":"<p>Values The human values of the company The story of VOTAT is that of a collective adventure where each man or woman finds his\/her place and makes his\/her contribution to the success of all. Our desire is to continue our development by reinforcing the human impact, because it is the commitment and attachment of the [&hellip;]<\/p>\n","protected":false},"author":1,"featured_media":0,"parent":1244,"menu_order":1,"comment_status":"closed","ping_status":"closed","template":"","meta":{"footnotes":""},"class_list":["post-1266","page","type-page","status-publish","hentry"],"_links":{"self":[{"href":"https:\/\/votat.fr\/en\/wp-json\/wp\/v2\/pages\/1266","targetHints":{"allow":["GET"]}}],"collection":[{"href":"https:\/\/votat.fr\/en\/wp-json\/wp\/v2\/pages"}],"about":[{"href":"https:\/\/votat.fr\/en\/wp-json\/wp\/v2\/types\/page"}],"author":[{"embeddable":true,"href":"https:\/\/votat.fr\/en\/wp-json\/wp\/v2\/users\/1"}],"replies":[{"embeddable":true,"href":"https:\/\/votat.fr\/en\/wp-json\/wp\/v2\/comments?post=1266"}],"version-history":[{"count":0,"href":"https:\/\/votat.fr\/en\/wp-json\/wp\/v2\/pages\/1266\/revisions"}],"up":[{"embeddable":true,"href":"https:\/\/votat.fr\/en\/wp-json\/wp\/v2\/pages\/1244"}],"wp:attachment":[{"href":"https:\/\/votat.fr\/en\/wp-json\/wp\/v2\/media?parent=1266"}],"curies":[{"name":"wp","href":"https:\/\/api.w.org\/{rel}","templated":true}]}}