{"id":1199,"date":"2022-12-13T11:46:35","date_gmt":"2022-12-13T10:46:35","guid":{"rendered":"https:\/\/votat.fr\/home\/"},"modified":"2026-04-01T09:38:37","modified_gmt":"2026-04-01T07:38:37","slug":"home","status":"publish","type":"page","link":"https:\/\/votat.fr\/en\/","title":{"rendered":"Home"},"content":{"rendered":"<div class=\"lazyblock-slider-votat-29wdav alignfull alignfull  wp-block-lazyblock-slider-votat\"><div class=\"slider-votat\">\n  <div class=\"swiper\" id=\"votat-slider\">\n<div class=\"swiper-wrapper\">\n    <div class=\"swiper-slide\">\n  <div class=\"slide-content\">\n    <div class=\"image-slide\" style=\"background-image: url(https:\/\/votat.fr\/wp-content\/uploads\/2022\/12\/equipe-equipementier-metallurgie-votat.webp);\">\n      <div class=\"opaque\"><\/div>\n    <\/div>\n    <div class=\"col-bleu\"><\/div>\n    \n    <div class=\"textes-slide\">\n      <header>\n     <h1>Votat, leading equipment manufacturer in the metallurgy sector, at the service of your industry<\/h1>\n  <p>Experts in forming, bending, punching, shearing, fine sheet metal, cutting and stamping, we offer innovative and reliable solutions to make your products ever more competitive<\/p>\n  <\/header>\n  <div class=\"bouton\">\n  <a href=\"https:\/\/votat.fr\/entreprise-emboutissage\/\" title=\"Votat, leading equipment manufacturer in the metallurgy sector, at the service of your industry\"> Learn more<\/a>\n<\/div>\n<\/div>\n<\/div>\n<\/div>\n      <\/div>\n  <div class=\"pagination-slide\">\n    <div class=\"pagination-gauche\"><\/div>\n    <div class=\"pagination-droite\"><\/div>\n  <\/div>\n  <\/div>\n  <\/div>\n \n <\/div>\n\n\n<div class=\"wp-block-columns alignfull is-style-cols-votat is-layout-flex wp-container-core-columns-is-layout-9d6595d7 wp-block-columns-is-layout-flex\">\n<div class=\"wp-block-column has-bleu-votat-background-color has-background is-layout-flow wp-block-column-is-layout-flow\" style=\"flex-basis:66%\">\n<div class=\"wp-block-cover\" style=\"padding-top:0;padding-right:0;padding-bottom:0;padding-left:0\"><img loading=\"lazy\" decoding=\"async\" width=\"1260\" height=\"840\" class=\"wp-block-cover__image-background wp-image-656\" alt=\"production fiable\" src=\"https:\/\/votat.fr\/wp-content\/uploads\/2023\/01\/efficacite-votat-industrie.webp\" data-object-fit=\"cover\" srcset=\"https:\/\/votat.fr\/wp-content\/uploads\/2023\/01\/efficacite-votat-industrie.webp 1260w, https:\/\/votat.fr\/wp-content\/uploads\/2023\/01\/efficacite-votat-industrie-300x200.webp 300w, https:\/\/votat.fr\/wp-content\/uploads\/2023\/01\/efficacite-votat-industrie-1024x683.webp 1024w, https:\/\/votat.fr\/wp-content\/uploads\/2023\/01\/efficacite-votat-industrie-768x512.webp 768w, https:\/\/votat.fr\/wp-content\/uploads\/2023\/01\/efficacite-votat-industrie-800x533.webp 800w, https:\/\/votat.fr\/wp-content\/uploads\/2023\/01\/efficacite-votat-industrie-256x171.webp 256w\" sizes=\"auto, (max-width: 1260px) 100vw, 1260px\" \/><span aria-hidden=\"true\" class=\"wp-block-cover__background has-bleu-votat-background-color has-background-dim-80 has-background-dim\"><\/span><div class=\"wp-block-cover__inner-container is-layout-flow wp-block-cover-is-layout-flow\">\n<div style=\"height:60px\" aria-hidden=\"true\" class=\"wp-block-spacer\"><\/div>\n\n\n\n<h2 class=\"wp-block-heading has-text-align-left is-style-titre-petite-caps has-blanc-color has-text-color has-large-font-size\">VOTAT EFFICIENCY<\/h2>\n\n\n\n<div class=\"wp-block-group\"><div class=\"wp-block-group__inner-container is-layout-constrained wp-block-group-is-layout-constrained\"><div class=\"lazyblock-pourcentage-en-avant-2nTSBl wp-block-lazyblock-pourcentage-en-avant\"><p class=\"pcx-en-avant\">\n  <span class=\"chiffres\">99.7%<\/span>\n  <span class=\"le-texte\">satisfied <br \/>\ncustomers<\/span>\n<\/p><\/div><\/div><\/div>\n\n\n\n<div class=\"wp-block-columns is-layout-flex wp-container-core-columns-is-layout-9d6595d7 wp-block-columns-is-layout-flex\">\n<div class=\"wp-block-column is-layout-flow wp-block-column-is-layout-flow\"><div class=\"lazyblock-paragraphe-avec-image-a-gauche-2qSE5u wp-block-lazyblock-paragraphe-avec-image-a-gauche\"><div class=\"para-image-gauche\">\n      <img decoding=\"async\" src=\"https:\/\/votat.fr\/wp-content\/uploads\/2022\/12\/picto-chrono.svg\" alt=\"R\u00e9ponse en 48 Heures\">\n<p>\n    Response in 48 hours    <\/p>\n<\/div><\/div><\/div>\n\n\n\n<div class=\"wp-block-column is-layout-flow wp-block-column-is-layout-flow\"><div class=\"lazyblock-paragraphe-avec-image-a-gauche-8GX9l wp-block-lazyblock-paragraphe-avec-image-a-gauche\"><div class=\"para-image-gauche\">\n      <img decoding=\"async\" src=\"https:\/\/votat.fr\/wp-content\/uploads\/2022\/12\/picto-delai-fab.svg\" alt=\"D\u00e9lai de fabrication rapide\">\n<p>\n    A fast and controlled <br \/>\nmanufacturing<br \/>\ntime    <\/p>\n<\/div><\/div><\/div>\n<\/div>\n\n\n\n<div style=\"height:40px\" aria-hidden=\"true\" class=\"wp-block-spacer\"><\/div>\n\n\n\n<div class=\"wp-block-columns is-layout-flex wp-container-core-columns-is-layout-9d6595d7 wp-block-columns-is-layout-flex\">\n<div class=\"wp-block-column is-layout-flow wp-block-column-is-layout-flow\"><div class=\"lazyblock-paragraphe-avec-image-a-gauche-ZRAPoM wp-block-lazyblock-paragraphe-avec-image-a-gauche\"><div class=\"para-image-gauche\">\n      <img decoding=\"async\" src=\"https:\/\/votat.fr\/wp-content\/uploads\/2022\/12\/picto-cdc.svg\" alt=\"Respect du cahier des charges\">\n<p>\n    Compliance with <br \/>\nyour specifications    <\/p>\n<\/div><\/div><\/div>\n\n\n\n<div class=\"wp-block-column is-layout-flow wp-block-column-is-layout-flow\"><div class=\"lazyblock-paragraphe-avec-image-a-gauche-ZRPx5M wp-block-lazyblock-paragraphe-avec-image-a-gauche\"><div class=\"para-image-gauche\">\n      <img decoding=\"async\" src=\"https:\/\/votat.fr\/wp-content\/uploads\/2022\/12\/picto-prix-juste.svg\" alt=\"prix comp\u00e9titif\">\n<p>\n    A competitive price    <\/p>\n<\/div><\/div><\/div>\n<\/div>\n\n\n\n<div style=\"height:40px\" aria-hidden=\"true\" class=\"wp-block-spacer\"><\/div>\n\n\n\n<h2 class=\"wp-block-heading has-text-align-left is-style-titre-petite-caps has-blanc-color has-text-color has-large-font-size\">OUR CERTIFICATIONS<\/h2>\n\n\n\n<div class=\"wp-block-columns is-layout-flex wp-container-core-columns-is-layout-9d6595d7 wp-block-columns-is-layout-flex\">\n<div class=\"wp-block-column is-layout-flow wp-block-column-is-layout-flow\">\n<figure class=\"wp-block-image size-full\"><a href=\"https:\/\/votat.fr\/wp-content\/themes\/votat-france\/pdf\/Certificate-VOTAT-27788251-EN9100.pdf\" target=\"_blank\" rel=\" noreferrer noopener\"><img decoding=\"async\" src=\"https:\/\/votat.fr\/wp-content\/uploads\/2026\/03\/EN9100_COLOR_FR.svg\" alt=\"Certification ISO 9100\" class=\"wp-image-2526\"\/><\/a><\/figure>\n<\/div>\n\n\n\n<div class=\"wp-block-column is-layout-flow wp-block-column-is-layout-flow\">\n<figure class=\"wp-block-image size-full\"><a href=\"https:\/\/votat.fr\/wp-content\/themes\/votat-france\/pdf\/Certificate-VOTAT-27788251-ISO9001.pdf\" target=\"_blank\" rel=\" noreferrer noopener\"><img decoding=\"async\" src=\"https:\/\/votat.fr\/wp-content\/uploads\/2026\/03\/ISO9001_COLOR_FR.svg\" alt=\"Certification ISO 9001\" class=\"wp-image-2528\"\/><\/a><\/figure>\n<\/div>\n<\/div>\n\n\n\n<div style=\"height:40px\" aria-hidden=\"true\" class=\"wp-block-spacer\"><\/div>\n\n\n\n<div class=\"wp-block-group\"><div class=\"wp-block-group__inner-container is-layout-constrained wp-block-group-is-layout-constrained\">\n<div class=\"wp-block-buttons is-layout-flex wp-block-buttons-is-layout-flex\">\n<div class=\"wp-block-button is-style-btn-rouge-votat\"><a class=\"wp-block-button__link wp-element-button\" href=\"https:\/\/votat.fr\/en\/contact\/\">Contact us<\/a><\/div>\n<\/div>\n<\/div><\/div>\n\n\n\n<div style=\"height:60px\" aria-hidden=\"true\" class=\"wp-block-spacer\"><\/div>\n<\/div><\/div>\n<\/div>\n\n\n\n<div class=\"wp-block-column is-layout-flow wp-block-column-is-layout-flow\" style=\"flex-basis:34%\"><div class=\"lazyblock-slider-photos-uniquement-Z1vAcXM wp-block-lazyblock-slider-photos-uniquement\"><div class=\"galerie-photos-votat\">\n  <div class=\"swiper\" id=\"votat-slider-photos\">\n    <div class=\"swiper-wrapper\">\n  \n<div class=\"swiper-slide\">\n  <div class=\"slide-photo\" style=\"background-image: url(https:\/\/votat.fr\/wp-content\/uploads\/2023\/07\/operateur-votat-machine-plieuse.jpg);\"><\/div>\n  <\/div>\n\n\n\n<div class=\"swiper-slide\">\n  <div class=\"slide-photo\" style=\"background-image: url(https:\/\/votat.fr\/wp-content\/uploads\/2023\/01\/emboutisage-decoupe-metal.webp);\"><\/div>\n  <\/div>\n\n\n\n<div class=\"swiper-slide\">\n  <div class=\"slide-photo\" style=\"background-image: url(https:\/\/votat.fr\/wp-content\/uploads\/2023\/01\/controle-qualite-emboutissage-decoupe-50.webp);\"><\/div>\n  <\/div>\n\n\n<\/div>\n  <\/div>\n  <div class=\"pagination-photo\"><\/div>\n<\/div><\/div><\/div>\n<\/div>\n\n\n\n<div class=\"wp-block-columns alignfull is-style-cols-votat is-layout-flex wp-container-core-columns-is-layout-9d6595d7 wp-block-columns-is-layout-flex\">\n<div class=\"wp-block-column has-blanc-color has-bleu-votat-background-color has-text-color has-background is-layout-flow wp-block-column-is-layout-flow\" style=\"flex-basis:66%\">\n<div class=\"wp-block-group\" style=\"padding-top:var(--wp--preset--spacing--40);padding-right:var(--wp--preset--spacing--80);padding-bottom:var(--wp--preset--spacing--40);padding-left:var(--wp--preset--spacing--40)\"><div class=\"wp-block-group__inner-container is-layout-constrained wp-container-core-group-is-layout-32b1c0eb wp-block-group-is-layout-constrained\">\n<div style=\"height:30px\" aria-hidden=\"true\" class=\"wp-block-spacer\"><\/div>\n\n\n\n<h3 class=\"wp-block-heading is-style-titre-petite-caps\">LIFE AT VOTAT<\/h3>\n\n\n\n<p class=\"has-larger-font-size\">Discover the founding values of Votat<\/p>\n\n\n\n<div style=\"height:40px\" aria-hidden=\"true\" class=\"wp-block-spacer\"><\/div>\n\n\n\n<div class=\"wp-block-columns is-layout-flex wp-container-core-columns-is-layout-53642b31 wp-block-columns-is-layout-flex\" style=\"padding-top:0;padding-right:0;padding-bottom:0;padding-left:0\">\n<div class=\"wp-block-column is-layout-flow wp-block-column-is-layout-flow\">\n<h4 class=\"wp-block-heading is-style-titre-coche-rouge\">Act with respect<\/h4>\n\n\n\n<p>Respect your colleagues on a daily basis, all the established rules, the equipment we have.<\/p>\n<\/div>\n\n\n\n<div class=\"wp-block-column is-layout-flow wp-block-column-is-layout-flow\">\n<h4 class=\"wp-block-heading is-style-titre-coche-rouge\"><strong>Act with kindness<\/strong><\/h4>\n\n\n\n<p>Ensure the well-being of colleagues, teams or employees.<\/p>\n<\/div>\n<\/div>\n\n\n\n<div style=\"height:40px\" aria-hidden=\"true\" class=\"wp-block-spacer\"><\/div>\n\n\n\n<div class=\"wp-block-columns is-layout-flex wp-container-core-columns-is-layout-53642b31 wp-block-columns-is-layout-flex\" style=\"padding-top:0;padding-right:0;padding-bottom:0;padding-left:0\">\n<div class=\"wp-block-column is-layout-flow wp-block-column-is-layout-flow\">\n<h4 class=\"wp-block-heading is-style-titre-coche-rouge\">Know-how<\/h4>\n\n\n\n<p>Our know-how is valuable to ensure customers the high level of quality of products and services that has characterized us since 1876. <\/p>\n<\/div>\n\n\n\n<div class=\"wp-block-column is-layout-flow wp-block-column-is-layout-flow\">\n<h4 class=\"wp-block-heading is-style-titre-coche-rouge\"><strong><strong>Be customer-oriented<\/strong><\/strong><\/h4>\n\n\n\n<p>Doing everything for the customer is the key to success! It is everyone\u2019s commitment to individual and collective performance. <\/p>\n<\/div>\n<\/div>\n\n\n\n<div style=\"height:40px\" aria-hidden=\"true\" class=\"wp-block-spacer\"><\/div>\n\n\n\n<div class=\"wp-block-columns is-layout-flex wp-container-core-columns-is-layout-53642b31 wp-block-columns-is-layout-flex\" style=\"padding-top:0;padding-right:0;padding-bottom:0;padding-left:0\">\n<div class=\"wp-block-column is-layout-flow wp-block-column-is-layout-flow\">\n<h4 class=\"wp-block-heading is-style-titre-coche-rouge\">Adaptability<\/h4>\n\n\n\n<p>Always react positively to events, with a solution-oriented approach, move forward, train, anticipate, progress.<\/p>\n<\/div>\n\n\n\n<div class=\"wp-block-column is-layout-flow wp-block-column-is-layout-flow\">\n<h4 class=\"wp-block-heading is-style-titre-coche-rouge\"><strong><strong><strong>Work with confidence<\/strong><\/strong><\/strong><\/h4>\n\n\n\n<p>When trust is present, relationships are fluid, frank and constructive.<\/p>\n<\/div>\n<\/div>\n\n\n\n<div style=\"height:40px\" aria-hidden=\"true\" class=\"wp-block-spacer\"><\/div>\n\n\n\n<div class=\"wp-block-columns are-vertically-aligned-bottom is-layout-flex wp-container-core-columns-is-layout-53642b31 wp-block-columns-is-layout-flex\" style=\"padding-top:0;padding-right:0;padding-bottom:0;padding-left:0\">\n<div class=\"wp-block-column is-vertically-aligned-bottom is-layout-flow wp-block-column-is-layout-flow\">\n<h4 class=\"wp-block-heading is-style-titre-coche-rouge\">Proud to be part of Votat<\/h4>\n\n\n\n<p>To be part of VOTAT means to participate in an industrial and human adventure of nearly 150 years that makes us proud and binds us.<\/p>\n<\/div>\n\n\n\n<div class=\"wp-block-column is-vertically-aligned-bottom is-layout-flow wp-block-column-is-layout-flow\">\n<div class=\"wp-block-buttons is-layout-flex wp-block-buttons-is-layout-flex\">\n<div class=\"wp-block-button is-style-btn-rouge-votat\"><a class=\"wp-block-button__link wp-element-button\" href=\"https:\/\/votat.fr\/en\/company-bending-cutting\/the-human-values\/\">Our values<\/a><\/div>\n\n\n\n<div class=\"wp-block-button is-style-btn-rouge-votat\"><a class=\"wp-block-button__link wp-element-button\" href=\"https:\/\/votat.fr\/ressources-humaines\/postuler-chez-votat\/\">Join us<\/a><\/div>\n<\/div>\n<\/div>\n<\/div>\n\n\n\n<div style=\"height:40px\" aria-hidden=\"true\" class=\"wp-block-spacer\"><\/div>\n<\/div><\/div>\n<\/div>\n\n\n\n<div class=\"wp-block-column has-bleu-texte-background-color has-background is-layout-flow wp-block-column-is-layout-flow\" style=\"flex-basis:34%\"><div class=\"lazyblock-offres-emplois-bloc-Z4HVF6 wp-block-lazyblock-offres-emplois-bloc\">\n<div class=\"offres-emplois\">\n  <h3>Open positions<br \/>\nat VOTAT<\/h3>\n    <div class=\"un-emploi\">\n    <h4>Stagiaire M\u00e9thodes\/Qualit\u00e9<\/h4>\n    <p>\n      Pont-Sainte Maxence<br><br>    <\/p>\n    <div class=\"les-boutons\">\n      <a href=\"job-offer-recruitment\/\" class=\"details\">Details<\/a>\n      <a href=\"human-resources\/apply-at-votat\/?job=Stagiaire M\u00e9thodes\/Qualit\u00e9\" class=\"postuler\">Apply<\/a>\n    <\/div>\n  <\/div>\n          <div class=\"un-emploi\">\n    <h4>Technicien T\u00f4lerie<\/h4>\n    <p>\n      Pont-Sainte Maxence<br><br>    <\/p>\n    <div class=\"les-boutons\">\n      <a href=\"job-offer-recruitment\/\" class=\"details\">Details<\/a>\n      <a href=\"human-resources\/apply-at-votat\/?job=Technicien T\u00f4lerie\" class=\"postuler\">Apply<\/a>\n    <\/div>\n  <\/div>\n                <p class=\"toutes-offres\"><a href=\"job-offer-recruitment\/\">see all job offers<\/a><\/p>\n<\/div><\/div><\/div>\n<\/div>\n\n\n<div class=\"lazyblock-actualites-votat-nttyg wp-block-lazyblock-actualites-votat\"><div class=\"bleu-ciel\">\r\n<div class=\"slider-actus-wrapper\">\r\n<div class=\"navigation-actus\">\r\n<span class=\"fg\"><\/span>\r\n    <span class=\"fd\"><\/span>\r\n<\/div>\r\n    <div class=\"bloc\">\r\n        <h4>News<\/h4>\r\n        <p>Be informed of the latest news from VOTAT<\/p>\r\n        <a href=\"https:\/\/votat.fr\/en\/news\/\" title=\"Actualit\u00e9s de la soci\u00e9t\u00e9 VOTAT sp\u00e9cialiste de l'emboutissage\">See all latest news<\/a>\r\n    <\/div>\r\n\r\n    <div class=\"les-slides-actus\">\r\n\r\n        <div class=\"swiper\" id=\"votat-slider-actus\">\r\n        <div class=\"swiper-wrapper\">\r\n            \r\n            \r\n                    <div class=\"swiper-slide\">\r\n                        <div class=\"slide-actus\" style=\"background-image: url(https:\/\/votat.fr\/wp-content\/uploads\/2024\/12\/1733843249758-75-251x300.webp);\">\r\n<div class=\"texte\">\r\n    <p class=\"date\">11 December 2024<\/p>\r\n                            <h5><a href=\"https:\/\/votat.fr\/en\/news\/all-united\/\" title=\"All united\">All united<\/a><\/h5>\r\n                        <\/div>\r\n                        <\/div>\r\n                    <\/div>\r\n                \r\n                    <div class=\"swiper-slide\">\r\n                        <div class=\"slide-actus\" style=\"background-image: url(https:\/\/votat.fr\/wp-content\/uploads\/2024\/12\/1732210428771-75-300x300.webp);\">\r\n<div class=\"texte\">\r\n    <p class=\"date\">26 November 2024<\/p>\r\n                            <h5><a href=\"https:\/\/votat.fr\/en\/news\/votat-equips-itself-accordingly\/\" title=\"VOTAT equips itself accordingly\">VOTAT equips itself accordingly<\/a><\/h5>\r\n                        <\/div>\r\n                        <\/div>\r\n                    <\/div>\r\n                \r\n                    <div class=\"swiper-slide\">\r\n                        <div class=\"slide-actus\" style=\"background-image: url(https:\/\/votat.fr\/wp-content\/uploads\/2024\/12\/1731057443753-75-300x225.webp);\">\r\n<div class=\"texte\">\r\n    <p class=\"date\">12 November 2024<\/p>\r\n                            <h5><a href=\"https:\/\/votat.fr\/en\/news\/votat-enters-a-digitalization-process\/\" title=\"VOTAT enters a digitalization process\">VOTAT enters a digitalization process<\/a><\/h5>\r\n                        <\/div>\r\n                        <\/div>\r\n                    <\/div>\r\n                \r\n                    <div class=\"swiper-slide\">\r\n                        <div class=\"slide-actus\" style=\"background-image: url(https:\/\/votat.fr\/wp-content\/uploads\/2024\/12\/1727959359538-75-300x300.webp);\">\r\n<div class=\"texte\">\r\n    <p class=\"date\">18 October 2024<\/p>\r\n                            <h5><a href=\"https:\/\/votat.fr\/en\/news\/la-french-fab\/\" title=\"La french Fab\">La french Fab<\/a><\/h5>\r\n                        <\/div>\r\n                        <\/div>\r\n                    <\/div>\r\n                \r\n                    <div class=\"swiper-slide\">\r\n                        <div class=\"slide-actus\" style=\"background-image: url(https:\/\/votat.fr\/wp-content\/uploads\/2024\/07\/garden-aprty-2024-50-300x233.webp);\">\r\n<div class=\"texte\">\r\n    <p class=\"date\">25 July 2024<\/p>\r\n                            <h5><a href=\"https:\/\/votat.fr\/en\/news\/garden-party-2024\/\" title=\"Garden Party 2024\">Garden Party 2024<\/a><\/h5>\r\n                        <\/div>\r\n                        <\/div>\r\n                    <\/div>\r\n                \r\n                    <div class=\"swiper-slide\">\r\n                        <div class=\"slide-actus\" style=\"background-image: url(https:\/\/votat.fr\/wp-content\/uploads\/2024\/09\/Plieuse-TRUMPF-208x300.jpeg);\">\r\n<div class=\"texte\">\r\n    <p class=\"date\">21 May 2024<\/p>\r\n                            <h5><a href=\"https:\/\/votat.fr\/en\/news\/our-new-trumpf-folding-machine\/\" title=\"Our new TRUMPF folding machine\">Our new TRUMPF folding machine<\/a><\/h5>\r\n                        <\/div>\r\n                        <\/div>\r\n                    <\/div>\r\n                                                <\/div>\r\n        <\/div>\r\n\r\n    <\/div>\r\n<\/div>\r\n<\/div><\/div>\n\n<div class=\"lazyblock-slider-produits-votat-TaeDI wp-block-lazyblock-slider-produits-votat\"><div class=\"produits\">\n  <p class=\"sur-titre\">RECENT ACHIEVEMENTS<\/p>\n  <h2>Cutting, drawing, mounting by VOTAT<\/h2>\n  <div class=\"slider-produits\">\n       <div class=\"swiper\" id=\"votat-slider-produits\">\n        <div class=\"swiper-wrapper\">\n     <div class=\"swiper-slide\">\n  <div class=\"image-produit\" style=\" background-image: url(https:\/\/votat.fr\/wp-content\/uploads\/2024\/12\/packshot-VOTAT-juillet-2024-18-75-scaled.webp\"><\/div>\n     \n     <div class=\"extrait\">\n       <h3>Fixing collar for DIY market<\/h3>\n       <p>We supply large-scale distribution (LEROY MERLIN CASTORAMA) for large-scale galvanized steel collars<\/p>\n       <\/div>\n    <\/div>\n      <div class=\"swiper-slide\">\n  <div class=\"image-produit\" style=\" background-image: url(https:\/\/votat.fr\/wp-content\/uploads\/2024\/12\/packshot-VOTAT-juillet-2024-19-75-scaled.webp\"><\/div>\n     \n     <div class=\"extrait\">\n       <h3>Joint for industrial trolley<\/h3>\n       <p>Our design office collaborated on the design of a forklift engine mounting bracket for a customer in the Ile de France region. The proximity of our company, its human size and seniority were assets for our customer in choosing the supplier.<\/p>\n       <\/div>\n    <\/div>\n      <div class=\"swiper-slide\">\n  <div class=\"image-produit\" style=\" background-image: url(https:\/\/votat.fr\/wp-content\/uploads\/2024\/12\/packshot-VOTAT-juillet-2024-16-75-scaled.webp\"><\/div>\n     \n     <div class=\"extrait\">\n       <h3>Radiator ventilation grille<\/h3>\n       <p>Our sheet metal equipment with latest generation lasers and bending machines was decisive in the award of this radiator air vent for small series. Our ability to assemble and weld components at very competitive prices was appreciated by our client.<\/p>\n       <\/div>\n    <\/div>\n      <div class=\"swiper-slide\">\n  <div class=\"image-produit\" style=\" background-image: url(https:\/\/votat.fr\/wp-content\/uploads\/2024\/12\/U-fixation-cloison-industrielle.webp\"><\/div>\n     \n     <div class=\"extrait\">\n       <h3>Industrial partition fixing U<\/h3>\n       <p>This galvanized steel part serves as a fixing for industrial partition for the building sector. It is produced in large series for a client in the west of France.<\/p>\n       <\/div>\n    <\/div>\n      <div class=\"swiper-slide\">\n  <div class=\"image-produit\" style=\" background-image: url(https:\/\/votat.fr\/wp-content\/uploads\/2024\/12\/chausse-courroie-secteur-automobile.webp\"><\/div>\n     \n     <div class=\"extrait\">\n       <h3>Belt holder for the automotive sector<\/h3>\n       <p>Our client located in PACA has developed with our engineering office a stamped and folded part, in zinc-plated steel, intended for mass distribution (GREEN LIGHT, POINT S)<\/p>\n       <\/div>\n    <\/div>\n      <div class=\"swiper-slide\">\n  <div class=\"image-produit\" style=\" background-image: url(https:\/\/votat.fr\/wp-content\/uploads\/2024\/12\/piece-emboutie-secteur-sanitaire-75.webp\"><\/div>\n     \n     <div class=\"extrait\">\n       <h3>Stamped part for sanitary sector<\/h3>\n       <p>Part of our sheet metal workshop, with a combined punching machine and laser, specializes in parts with high appearance requirements. This shiny stainless steel sanitary part, for a client in Rh\u00f4ne Alpes, is produced in medium series.<\/p>\n       <\/div>\n    <\/div>\n        <\/div>\n<\/div>\n  <\/div>\n<\/div><\/div>\n\n<div class=\"lazyblock-references-clients-votat-1nJwYy alignfull alignfull  wp-block-lazyblock-references-clients-votat\"><div class=\"references-clients\">\n  <div class=\"titre-client\">\n  <h4> CUSTOMER REFERENCES<\/h4>\n  <\/div>\n  <div class=\"slide-clients\">\n         <div class=\"swiper\" id=\"votat-slider-clients\">\n        <div class=\"swiper-wrapper\">\n               <div class=\"swiper-slide\">\n      <div class=\"filtre\">\n      <img decoding=\"async\" src=\"https:\/\/votat.fr\/wp-content\/uploads\/2023\/07\/logo-akzo-nobel.png\" alt=\"AkzoNobel\">\n      <\/div>\n      <\/div>\n      \n           <div class=\"swiper-slide\">\n      <div class=\"filtre\">\n      <img decoding=\"async\" src=\"https:\/\/votat.fr\/wp-content\/uploads\/2023\/07\/logo-hager.png\" alt=\"Hager\">\n      <\/div>\n      <\/div>\n      \n           <div class=\"swiper-slide\">\n      <div class=\"filtre\">\n      <img decoding=\"async\" src=\"https:\/\/votat.fr\/wp-content\/uploads\/2023\/07\/logo-kohler.png\" alt=\"Kohler\">\n      <\/div>\n      <\/div>\n      \n           <div class=\"swiper-slide\">\n      <div class=\"filtre\">\n      <img decoding=\"async\" src=\"https:\/\/votat.fr\/wp-content\/uploads\/2023\/07\/logo-treca.png\" alt=\"Treca\">\n      <\/div>\n      <\/div>\n      \n           <div class=\"swiper-slide\">\n      <div class=\"filtre\">\n      <img decoding=\"async\" src=\"https:\/\/votat.fr\/wp-content\/uploads\/2023\/07\/logo-porsche.png\" alt=\"Porsche\">\n      <\/div>\n      <\/div>\n      \n           <div class=\"swiper-slide\">\n      <div class=\"filtre\">\n      <img decoding=\"async\" src=\"https:\/\/votat.fr\/wp-content\/uploads\/2023\/07\/logo-saint-gobain.png\" alt=\"Saint-Gobain\">\n      <\/div>\n      <\/div>\n      \n           <\/div>\n    <\/div>\n  <\/div>\n  <div class=\"pagination-clients\"><\/div>\n<\/div><\/div>","protected":false},"excerpt":{"rendered":"<p>LIFE AT VOTAT Discover the founding values of Votat Act with respect Respect your colleagues on a daily basis, all the established rules, the equipment we have. Act with kindness Ensure the well-being of colleagues, teams or employees. Know-how Our know-how is valuable to ensure customers the high level of quality of products and services [&hellip;]<\/p>\n","protected":false},"author":1,"featured_media":2037,"parent":0,"menu_order":0,"comment_status":"closed","ping_status":"closed","template":"","meta":{"footnotes":""},"class_list":["post-1199","page","type-page","status-publish","has-post-thumbnail","hentry"],"_links":{"self":[{"href":"https:\/\/votat.fr\/en\/wp-json\/wp\/v2\/pages\/1199","targetHints":{"allow":["GET"]}}],"collection":[{"href":"https:\/\/votat.fr\/en\/wp-json\/wp\/v2\/pages"}],"about":[{"href":"https:\/\/votat.fr\/en\/wp-json\/wp\/v2\/types\/page"}],"author":[{"embeddable":true,"href":"https:\/\/votat.fr\/en\/wp-json\/wp\/v2\/users\/1"}],"replies":[{"embeddable":true,"href":"https:\/\/votat.fr\/en\/wp-json\/wp\/v2\/comments?post=1199"}],"version-history":[{"count":3,"href":"https:\/\/votat.fr\/en\/wp-json\/wp\/v2\/pages\/1199\/revisions"}],"predecessor-version":[{"id":2598,"href":"https:\/\/votat.fr\/en\/wp-json\/wp\/v2\/pages\/1199\/revisions\/2598"}],"wp:featuredmedia":[{"embeddable":true,"href":"https:\/\/votat.fr\/en\/wp-json\/wp\/v2\/media\/2037"}],"wp:attachment":[{"href":"https:\/\/votat.fr\/en\/wp-json\/wp\/v2\/media?parent=1199"}],"curies":[{"name":"wp","href":"https:\/\/api.w.org\/{rel}","templated":true}]}}